{"id":364,"date":"2024-03-15T13:53:13","date_gmt":"2024-03-15T12:53:13","guid":{"rendered":"https:\/\/logopaedie-schoenborn.de\/logopaedie\/behandlungsschwerpunkte-copy\/"},"modified":"2026-02-02T11:41:48","modified_gmt":"2026-02-02T10:41:48","slug":"kontakt","status":"publish","type":"page","link":"https:\/\/logopaedie-schoenborn.de\/logopaedie\/kontakt\/","title":{"rendered":"Kontakt"},"content":{"rendered":"<!--themify_builder_content-->\n<div id=\"themify_builder_content-364\" data-postid=\"364\" class=\"themify_builder_content themify_builder_content-364 themify_builder tf_clear\">\n                    <div  data-css_id=\"blv4704\" data-lazy=\"1\" class=\"module_row themify_builder_row fullwidth tb_gs9665c tb_blv4704 tb_first tf_w\">\n            <span class=\"tb_row_frame_wrap tf_overflow tf_abs\" data-lazy=\"1\"><span class=\"tb_row_frame tb_row_frame_bottom  tf_abs tf_hide tf_overflow tf_w\"><\/span><\/span>            <div class=\"row_inner col_align_top tb_col_count_2 tf_box tf_rel\">\n                        <div  data-lazy=\"1\" class=\"module_column tb-column col4-2 tb_pxvk484 first\">\n                    <!-- module text -->\n<div  class=\"module module-text tb_tfpi980   \" data-lazy=\"1\">\n        <div  class=\"tb_text_wrap\">\n        <h2>So finden Sie den Weg zu uns.<\/h2>    <\/div>\n<\/div>\n<!-- \/module text --><!-- module buttons -->\n<div  class=\"module module-buttons tb_jhk1960 buttons-horizontal solid   circle tb_gs10165c\" data-lazy=\"1\">\n        <div class=\"module-buttons-item tf_in_flx\">\n                        <a href=\"#\" class=\"ui builder_button tf_in_flx transparent\" >\n                                                Termin vereinbaren                                        <\/a>\n                <\/div>\n            <\/div>\n<!-- \/module buttons -->\n        <\/div>\n                    <div  data-lazy=\"1\" class=\"module_column tb-column col4-2 tb_jgbq748 last\">\n                            <\/div>\n                        <\/div>\n        <\/div>\n                        <div  data-anchor=\"adresse\" data-lazy=\"1\" class=\"module_row themify_builder_row tb_has_section tb_section-adresse tb_gs9665c tb_rzko404 tf_w\">\n            <span class=\"tb_row_frame_wrap tf_overflow tf_abs\" data-lazy=\"1\"><span class=\"tb_row_frame tb_row_frame_bottom  tf_abs tf_hide tf_overflow tf_w\"><\/span><\/span>            <div class=\"row_inner col_align_top tb_col_count_2 tf_box tf_rel\">\n                        <div  data-lazy=\"1\" class=\"module_column tb-column col4-2 tb_6gyk949 first\">\n                    <!-- module text -->\n<div  class=\"module module-text tb_n9p351   \" data-lazy=\"1\">\n        <div  class=\"tb_text_wrap\">\n        <h2>Adresse<\/h2>\n<p>Praxis f\u00fcr Logop\u00e4die Sch\u00f6nborn<br>Rheinstra\u00dfe 41a<br>76532 Baden-Baden<br>Telefon: +49 (0) 7221 378 434<br>Telefax: +49 (0) 7221 378 436<br>E-Mail: <a href=\"mailto:info@logopaedie-schoenborn.de\">info@logopaedie-schoenborn.de<\/a><\/p>    <\/div>\n<\/div>\n<!-- \/module text -->        <\/div>\n                    <div  data-lazy=\"1\" class=\"module_column tb-column col4-2 tb_n2qr999 last\">\n                    <!-- module text -->\n<div  class=\"module module-text tb_j2tj828   \" data-lazy=\"1\">\n        <div  class=\"tb_text_wrap\">\n        <h2>Anfahrtsbeschreibung:<\/h2>\n<p>Die Praxis ist zentral in der Badener Weststadt gelegen und auch mit \u00f6ffentlichen Verkehrsmitteln sehr gut zu erreichen. Die Bushaltestelle \u201eKleine Dollenstra\u00dfe\u201c befindet sich nur wenige Schritte von der Praxis entfernt und wird von den Buslinien 201, 206, 207 und 216 bedient. Direkt vor der Praxis befinden sich zwei Parkpl\u00e4tze.<\/p>    <\/div>\n<\/div>\n<!-- \/module text -->        <\/div>\n                        <\/div>\n        <\/div>\n                        <div  data-anchor=\"maps\" data-lazy=\"1\" class=\"module_row themify_builder_row tb_has_section tb_section-maps tb_gs9665c tb_apri090 tf_w\">\n                        <div class=\"row_inner col_align_top tb_col_count_2 tf_box tf_rel\">\n                        <div  data-lazy=\"1\" class=\"module_column tb-column col4-2 tb_kq43909 first\">\n                    <!-- module plain text -->\n<div  class=\"module module-plain-text tb_69g0186 \" data-lazy=\"1\">\n        <div class=\"tb_text_wrap\">\n    <iframe src=\"https:\/\/www.google.com\/maps\/embed?pb=!1m18!1m12!1m3!1d2629.3182291861817!2d8.21778447686325!3d48.77581460651364!2m3!1f0!2f0!3f0!3m2!1i1024!2i768!4f13.1!3m3!1m2!1s0x47971f0e949ab649%3A0x44a81182e5407053!2zUHJheGlzIGbDvHIgTG9nb3DDpGRpZSBTY2jDtm5ib3Ju!5e0!3m2!1sde!2sde!4v1708429555110!5m2!1sde!2sde\" width=\"600\" height=\"600\" style=\"border:0;\" allowfullscreen=\"\" loading=\"lazy\" referrerpolicy=\"no-referrer-when-downgrade\"><\/iframe>    <\/div>\n<\/div>\n<!-- \/module plain text -->        <\/div>\n                    <div  data-lazy=\"1\" class=\"module_column tb-column col4-2 tb_sttf949 last\">\n                    <!-- module text -->\n<div  class=\"module module-text tb_b1fr669   \" data-lazy=\"1\">\n        <div  class=\"tb_text_wrap\">\n        \n<div class=\"wpcf7 no-js\" id=\"wpcf7-f378-o1\" lang=\"de-DE\" dir=\"ltr\" data-wpcf7-id=\"378\">\n<div class=\"screen-reader-response\"><p role=\"status\" aria-live=\"polite\" aria-atomic=\"true\"><\/p> <ul><\/ul><\/div>\n<form action=\"\/logopaedie\/wp-json\/wp\/v2\/pages\/364#wpcf7-f378-o1\" method=\"post\" class=\"wpcf7-form init wpcf7-acceptance-as-validation\" aria-label=\"Kontaktformular\" novalidate=\"novalidate\" data-status=\"init\">\n<fieldset class=\"hidden-fields-container\"><input type=\"hidden\" name=\"_wpcf7\" value=\"378\" \/><input type=\"hidden\" name=\"_wpcf7_version\" value=\"6.1.5\" \/><input type=\"hidden\" name=\"_wpcf7_locale\" value=\"de_DE\" \/><input type=\"hidden\" name=\"_wpcf7_unit_tag\" value=\"wpcf7-f378-o1\" \/><input type=\"hidden\" name=\"_wpcf7_container_post\" value=\"0\" \/><input type=\"hidden\" name=\"_wpcf7_posted_data_hash\" value=\"\" \/>\n<\/fieldset>\n<p><label> Ihr Name<br \/>\n<span class=\"wpcf7-form-control-wrap\" data-name=\"your-name\"><input size=\"40\" maxlength=\"400\" class=\"wpcf7-form-control wpcf7-text wpcf7-validates-as-required\" autocomplete=\"name\" aria-required=\"true\" aria-invalid=\"false\" value=\"\" type=\"text\" name=\"your-name\" \/><\/span> <\/label>\n<\/p>\n<p><label> Ihre E-Mail-Adresse<br \/>\n<span class=\"wpcf7-form-control-wrap\" data-name=\"your-email\"><input size=\"40\" maxlength=\"400\" class=\"wpcf7-form-control wpcf7-email wpcf7-validates-as-required wpcf7-text wpcf7-validates-as-email\" autocomplete=\"email\" aria-required=\"true\" aria-invalid=\"false\" value=\"\" type=\"email\" name=\"your-email\" \/><\/span> <\/label>\n<\/p>\n<p><label> Ihre Nachricht an uns (optional)<br \/>\n<span class=\"wpcf7-form-control-wrap\" data-name=\"your-message\"><textarea cols=\"40\" rows=\"10\" maxlength=\"2000\" class=\"wpcf7-form-control wpcf7-textarea\" aria-invalid=\"false\" name=\"your-message\"><\/textarea><\/span> <\/label>\n<\/p>\n<p><span class=\"wpcf7-form-control-wrap\" data-name=\"acceptance-505\"><span class=\"wpcf7-form-control wpcf7-acceptance\"><span class=\"wpcf7-list-item\"><label><input type=\"checkbox\" name=\"acceptance-505\" value=\"1\" aria-invalid=\"false\" \/><span class=\"wpcf7-list-item-label\">Ich habe die <a href=\"https:\/\/logopaedie-schoenborn.de\/logopaedie\/datenschutzerklarung\/\" target=\"_blank\">Datenschutzerkl\u00e4rung<\/a> zur Kenntnis genommen und stimme zu, dass meine Angaben zur Kontaktaufnahme und f\u00fcr R\u00fcckfragen dauerhaft gespeichert werden.<br>Meine Angaben werden nur zur Beantwortung meiner Anfrage erhoben und verarbeitet.<\/span><\/label><\/span><\/span><\/span><span style=\"font-size:12px;line-height: 80%;\"><b>Hinweis:<\/b> Sie k\u00f6nnen Ihre Einwilligung jederzeit f\u00fcr die Zukunft per E-Mail an <a href=\"mailto:info@logopaedie-schoenborn.de\">info@logopaedie-schoenborn.de<\/a> widerrufen.<\/span>\n<\/p>\n<p><input class=\"wpcf7-form-control wpcf7-submit has-spinner\" type=\"submit\" value=\"Senden\" \/>\n<\/p><div class=\"wpcf7-response-output\" aria-hidden=\"true\"><\/div>\n<\/form>\n<\/div>\n\n    <\/div>\n<\/div>\n<!-- \/module text -->        <\/div>\n                        <\/div>\n        <\/div>\n        <\/div>\n<!--\/themify_builder_content-->","protected":false},"excerpt":{"rendered":"<p>So finden Sie den Weg zu uns.<\/p>\n","protected":false},"author":1,"featured_media":0,"parent":0,"menu_order":0,"comment_status":"closed","ping_status":"closed","template":"","meta":{"footnotes":""},"class_list":["post-364","page","type-page","status-publish","hentry","has-post-title","has-post-date","has-post-category","has-post-tag","has-post-comment","has-post-author",""],"builder_content":"<h2>So finden Sie den Weg zu uns.<\/h2>\n<a href=\"#\" > Termin vereinbaren <\/a>\n<h2>Adresse<\/h2> <p>Praxis f\u00fcr Logop\u00e4die Sch\u00f6nborn<br>Rheinstra\u00dfe 41a<br>76532 Baden-Baden<br>Telefon: +49 (0) 7221 378 434<br>Telefax: +49 (0) 7221 378 436<br>E-Mail: <a href=\"mailto:info@logopaedie-schoenborn.de\">info@logopaedie-schoenborn.de<\/a><\/p>\n<h2>Anfahrtsbeschreibung:<\/h2> <p>Die Praxis ist zentral in der Badener Weststadt gelegen und auch mit \u00f6ffentlichen Verkehrsmitteln sehr gut zu erreichen. Die Bushaltestelle \u201eKleine Dollenstra\u00dfe\u201c befindet sich nur wenige Schritte von der Praxis entfernt und wird von den Buslinien 201, 206, 207 und 216 bedient. Direkt vor der Praxis befinden sich zwei Parkpl\u00e4tze.<\/p>\n<iframe src=\"https:\/\/www.google.com\/maps\/embed?pb=!1m18!1m12!1m3!1d2629.3182291861817!2d8.21778447686325!3d48.77581460651364!2m3!1f0!2f0!3f0!3m2!1i1024!2i768!4f13.1!3m3!1m2!1s0x47971f0e949ab649%3A0x44a81182e5407053!2zUHJheGlzIGbDvHIgTG9nb3DDpGRpZSBTY2jDtm5ib3Ju!5e0!3m2!1sde!2sde!4v1708429555110!5m2!1sde!2sde\" width=\"600\" height=\"600\" style=\"border:0;\" allowfullscreen=\"\" loading=\"lazy\" referrerpolicy=\"no-referrer-when-downgrade\"><\/iframe>\n<p>[contact-form-7 id=\"97461df\" title=\"Kontaktformular 1\"]<\/p>","_links":{"self":[{"href":"https:\/\/logopaedie-schoenborn.de\/logopaedie\/wp-json\/wp\/v2\/pages\/364","targetHints":{"allow":["GET"]}}],"collection":[{"href":"https:\/\/logopaedie-schoenborn.de\/logopaedie\/wp-json\/wp\/v2\/pages"}],"about":[{"href":"https:\/\/logopaedie-schoenborn.de\/logopaedie\/wp-json\/wp\/v2\/types\/page"}],"author":[{"embeddable":true,"href":"https:\/\/logopaedie-schoenborn.de\/logopaedie\/wp-json\/wp\/v2\/users\/1"}],"replies":[{"embeddable":true,"href":"https:\/\/logopaedie-schoenborn.de\/logopaedie\/wp-json\/wp\/v2\/comments?post=364"}],"version-history":[{"count":22,"href":"https:\/\/logopaedie-schoenborn.de\/logopaedie\/wp-json\/wp\/v2\/pages\/364\/revisions"}],"predecessor-version":[{"id":879,"href":"https:\/\/logopaedie-schoenborn.de\/logopaedie\/wp-json\/wp\/v2\/pages\/364\/revisions\/879"}],"wp:attachment":[{"href":"https:\/\/logopaedie-schoenborn.de\/logopaedie\/wp-json\/wp\/v2\/media?parent=364"}],"curies":[{"name":"wp","href":"https:\/\/api.w.org\/{rel}","templated":true}]}}